{"id":10577,"date":"2024-05-07T09:52:03","date_gmt":"2024-05-07T07:52:03","guid":{"rendered":"http:\/\/localhost\/power-to-x-days\/declaration-de-confidentialite\/"},"modified":"2025-09-08T08:54:00","modified_gmt":"2025-09-08T06:54:00","slug":"declaration-de-confidentialite","status":"publish","type":"page","link":"https:\/\/dev.power-to-x-days-gutenberg.berta-bewegt.ch\/fr\/declaration-de-confidentialite\/","title":{"rendered":"D\u00e9claration de confidentialit\u00e9"},"content":{"rendered":"<div class=\"custom-separator gb-editor-border\"><\/div>\n\n\n\n<h2 class=\"wp-block-heading\">NOM ET ADRESSE DU D\u00c9L\u00c9GU\u00c9 \u00c0 LA PROTECTION DES DONN\u00c9ES<\/h2>\n\n\n\n<p>Le responsable au sens du r\u00e8glement g\u00e9n\u00e9ral sur la protection des donn\u00e9es et d&rsquo;autres lois nationales sur la protection des donn\u00e9es des \u00c9tats membres ainsi que d&rsquo;autres dispositions relatives \u00e0 la protection des donn\u00e9es est la :<\/p>\n\n\n\n<p>Power-to-X DAYS<br>c\/o Swissmem<br>Pfingstweidstrasse 102<br>Postfach<br>8037 Zurich<br><a href=\"mailto:hello@dev.power-to-x-days-gutenberg.berta-bewegt.ch\">hello@dev.power-to-x-days-gutenberg.berta-bewegt.ch<\/a><\/p>\n\n\n\n<h2 class=\"wp-block-heading\"> COLLECTE, TRAITEMENT ET UTILISATION DES DONN\u00c9ES \u00c0 CARACT\u00c8RE PERSONNEL<\/h2>\n\n\n\n<p>Lors d&rsquo;une visite sur ce site, nous ne collectons aucune donn\u00e9e personnelle vous concernant. Les donn\u00e9es personnelles ne sont collect\u00e9es que si vous nous les communiquez vous-m\u00eame via notre formulaire de contact (p. ex. inscription \u00e0 la newsletter). Ces donn\u00e9es sont utilis\u00e9es exclusivement pour r\u00e9pondre \u00e0 votre demande et sont ensuite supprim\u00e9es. La plupart de nos offres de service ne n\u00e9cessitent pas d&rsquo;enregistrement. Vous pouvez donc visiter notre site web sans nous indiquer qui vous \u00eates.<\/p>\n\n\n\n<h2 class=\"wp-block-heading\">UTILISATION DE COOKIES<\/h2>\n\n\n\n<p>Lorsque vous consultez certaines pages, un \u00ab\u00a0cookie de session\u00a0\u00bb est plac\u00e9. Il s&rsquo;agit d&rsquo;un petit fichier texte qui est automatiquement supprim\u00e9 de votre ordinateur \u00e0 la fin de la session de navigation. Ce fichier sert exclusivement \u00e0 pouvoir utiliser certaines applications. Nous utilisons en outre sur notre site web des cookies qui permettent d&rsquo;analyser le comportement de navigation des utilisateurs. Les donn\u00e9es des utilisateurs collect\u00e9es de cette mani\u00e8re sont pseudonymis\u00e9es par des mesures techniques. Il n&rsquo;est donc plus possible d&rsquo;attribuer les donn\u00e9es \u00e0 l&rsquo;utilisateur qui les a consult\u00e9es. Les donn\u00e9es ne sont pas enregistr\u00e9es avec d&rsquo;autres donn\u00e9es personnelles des utilisateurs.<\/p>\n\n\n\n<p>Lors de l&rsquo;ouverture de notre site web, les utilisateurs sont inform\u00e9s par une banni\u00e8re d&rsquo;information de l&rsquo;utilisation de cookies \u00e0 des fins d&rsquo;analyse et sont renvoy\u00e9s \u00e0 la pr\u00e9sente d\u00e9claration de protection des donn\u00e9es.<\/p>\n\n\n\n<p>Vous pouvez modifier les param\u00e8tres de la plupart des navigateurs web de mani\u00e8re \u00e0 ce que votre navigateur n&rsquo;accepte pas de nouveaux cookies ou vous pouvez faire supprimer les cookies re\u00e7us. Pour savoir comment cela fonctionne concr\u00e8tement pour votre navigateur, vous pouvez g\u00e9n\u00e9ralement consulter sa fonction d&rsquo;aide.<\/p>\n\n\n\n<figure class=\"wp-block-table\"><table><tbody><tr><td>Cookie<\/td><td>Mise en place par<\/td><td>But<\/td><td>Validit\u00e9<\/td><\/tr><tr><td>wordpress_test_cookie<\/td><td>WordPress<\/td><td>V\u00e9rification si les cookies peuvent \u00eatre plac\u00e9s<\/td><td>Fin de<\/td><\/tr><tr><td>wordpress_[hash]<\/td><td>WordPress<\/td><td>Enregistrement des d\u00e9tails d&rsquo;authentification pour la zone d&rsquo;administration&nbsp;&nbsp;&nbsp;&nbsp;&nbsp;&nbsp;&nbsp;&nbsp;&nbsp;<\/td><td>Fin de<\/td><\/tr><tr><td>wordpress_logged_in_[hash]<\/td><td>WordPress<\/td><td>Enregistrement des d\u00e9tails d&rsquo;authentification pour les utilisateurs connect\u00e9s<\/td><td>Fin de<\/td><\/tr><tr><td>_ga<\/td><td>Google Analytics<\/td><td>Cr\u00e9ation de statistiques de fr\u00e9quentation pour Google Analytic.<\/td><td>2 ans<\/td><\/tr><tr><td>_gid<\/td><td>Google Analytics<\/td><td>Cr\u00e9ation de statistiques de fr\u00e9quentation pour Google Analytic<\/td><td>1 jour<\/td><\/tr><tr><td>_gat<\/td><td>Google Analytics<\/td><td>Limitation des requ\u00eates pour Google Analytics<\/td><td>1 minute<\/td><\/tr><\/tbody><\/table><\/figure>\n\n\n\n<h2 class=\"wp-block-heading\">FICHIERS JOURNAUX DU SERVEUR<\/h2>\n\n\n\n<p>Comme lors de chaque connexion \u00e0 un serveur web, le serveur de notre fournisseur d&rsquo;h\u00e9bergement web Metanet \u00e0 Zurich, Suisse, enregistre et stocke certaines donn\u00e9es techniques. Parmi ces donn\u00e9es figurent l&rsquo;adresse IP et le syst\u00e8me d&rsquo;exploitation de votre appareil, les dates, l&rsquo;heure d&rsquo;acc\u00e8s, le type de navigateur ainsi que la demande du navigateur, y compris l&rsquo;origine de la demande (referrer). Ces donn\u00e9es ne sont pas enregistr\u00e9es avec d&rsquo;autres donn\u00e9es personnelles de l&rsquo;utilisateur. Le stockage est n\u00e9cessaire pour des raisons techniques afin de mettre notre site web \u00e0 votre disposition. Le fournisseur d&rsquo;h\u00e9bergement web prot\u00e8ge ces donn\u00e9es contre les acc\u00e8s non autoris\u00e9s gr\u00e2ce \u00e0 des mesures techniques et organisationnelles et ne les transmet pas \u00e0 des tiers. Dans la mesure o\u00f9 nous traitons ainsi des donn\u00e9es personnelles, nous le faisons en raison de notre int\u00e9r\u00eat \u00e0 vous offrir la meilleure exp\u00e9rience utilisateur possible et \u00e0 garantir la s\u00e9curit\u00e9 et la stabilit\u00e9 de nos syst\u00e8mes.<\/p>\n\n\n\n<h2 class=\"wp-block-heading\">GOOGLE ANALYTICS<\/h2>\n\n\n\n<p>Ce site web utilise Google Analytics, un service d&rsquo;analyse web de Google Inc, 1600 Amphitheatre Parkway, Mountain View, CA 94043, USA. Google Analytics utilise des \u00ab\u00a0cookies\u00a0\u00bb, c&rsquo;est-\u00e0-dire des fichiers texte qui sont enregistr\u00e9s sur votre ordinateur et qui permettent d&rsquo;analyser votre utilisation du site web.<\/p>\n\n\n\n<p>Google utilise ces informations pour \u00e9valuer votre utilisation du site web pour le compte de l&rsquo;exploitant de ce site web, pour \u00e9tablir des rapports sur les activit\u00e9s du site web et pour fournir \u00e0 l&rsquo;exploitant du site web d&rsquo;autres prestations de service li\u00e9es \u00e0 l&rsquo;utilisation du site web et d&rsquo;Internet. L&rsquo;adresse IP transmise par votre navigateur dans le cadre de Google Analytics n&rsquo;est pas recoup\u00e9e avec d&rsquo;autres donn\u00e9es de Google.<\/p>\n\n\n\n<p>En configurant votre navigateur en cons\u00e9quence, vous pouvez emp\u00eacher l&rsquo;enregistrement des cookies ou les supprimer.<\/p>\n\n\n\n<p>Vous trouverez ici la politique de confidentialit\u00e9 de Google :<\/p>\n\n\n\n<p><a href=\"https:\/\/policies.google.com\/privacy\">https:\/\/policies.google.com\/privacy<\/a><\/p>\n\n\n\n<h2 class=\"wp-block-heading\"> NEWSLETTER<\/h2>\n\n\n\n<p>Si vous vous \u00eates inscrit \u00e0 notre newsletter avec votre adresse e-mail, nous enregistrons et utilisons votre adresse e-mail pour vous envoyer notre newsletter avec des informations et de la publicit\u00e9 sur nous, jusqu&rsquo;\u00e0 ce que vous vous d\u00e9sinscriviez de notre newsletter.<\/p>\n\n\n\n<p>Pour notre service de newsletter, nous utilisons le service de newsletter \u00ab\u00a0Mailchimp\u00a0\u00bb de Rocket Sience Group LLC, 675 Ponce de Leon Ave NE, Suite 5000 Atlanta, GA 30308.<\/p>\n\n\n\n<p>Lorsque vous saisissez votre adresse e-mail pour recevoir la newsletter, celle-ci est d&rsquo;abord enregistr\u00e9e chez Mailchimp dans le but d&rsquo;envoyer au titulaire un e-mail dans lequel il\/elle peut confirmer son inscription \u00e0 l&rsquo;envoi de la newsletter (\u00ab\u00a0double opt-in\u00a0\u00bb). Apr\u00e8s une telle confirmation, l&rsquo;adresse e-mail est conserv\u00e9e durablement par Mailchimp jusqu&rsquo;\u00e0 ce qu&rsquo;il\/elle se d\u00e9sabonne de la r\u00e9ception de la newsletter ou que nous la supprimions. Mailchimp enregistre la date d&rsquo;inscription ainsi que l&rsquo;adresse IP sous laquelle l&rsquo;inscription a \u00e9t\u00e9 effectu\u00e9e. Nous n&rsquo;utilisons pas votre adresse IP \u00e0 d&rsquo;autres fins.<\/p>\n\n\n\n<p>Nous attirons votre attention sur le fait que les donn\u00e9es collect\u00e9es et utilis\u00e9es par Mailchimp sont stock\u00e9es et trait\u00e9es sur des ordinateurs situ\u00e9s aux \u00c9tats-Unis. En acceptant de recevoir notre newsletter, vous donnez votre accord. En outre, nous avons conclu un contrat de traitement des donn\u00e9es avec Mailchimp sur la base des clauses contractuelles standard de l&rsquo;UE. Votre adresse e-mail n&rsquo;est pas transmise \u00e0 des tiers.<\/p>\n\n\n\n<p>Vous pouvez vous d\u00e9sinscrire de notre newsletter \u00e0 tout moment. Un lien de d\u00e9sinscription est inclus dans chaque e-mail contenant notre newsletter. Vous pouvez \u00e9galement r\u00e9voquer \u00e0 tout moment votre consentement \u00e0 l&rsquo;utilisation future de votre adresse e-mail. Pour ce faire, veuillez utiliser les possibilit\u00e9s de contact indiqu\u00e9es ci-dessous.<\/p>\n\n\n\n<p>Vous trouverez ici la politique de confidentialit\u00e9 de Mailchimp :<\/p>\n\n\n\n<p><a href=\"https:\/\/mailchimp.com\/legal\/privacy\">https:\/\/mailchimp.com\/legal\/privacy<\/a><\/p>\n\n\n\n<h2 class=\"wp-block-heading\">VID\u00c9OS VIMEO<\/h2>\n\n\n\n<p>Pour les contenus vid\u00e9o, le site utilise des plugins de Vimeo, LLC, 555 West 18th Street, New York, New York 10011, USA. Lors de l&rsquo;appel d&rsquo;une page avec un plug-in Vimeo int\u00e9gr\u00e9, une connexion est \u00e9tablie avec les serveurs de Vimeo aux \u00c9tats-Unis. Vimeo est ainsi inform\u00e9 des pages que vous avez consult\u00e9es. Vimeo peut associer votre comportement de navigation directement \u00e0 votre profil personnel, si vous \u00eates connect\u00e9 \u00e0 votre compte Vimeo. En vous d\u00e9connectant au pr\u00e9alable, vous avez la possibilit\u00e9 d&#8217;emp\u00eacher cela.<\/p>\n\n\n\n<p>Vous trouverez la politique de confidentialit\u00e9 de Vimeo ici : https:\/\/vimeo.com\/privacy. <\/p>\n\n\n\n<h2 class=\"wp-block-heading\"> FACEBOOK\/INSTAGRAM<\/h2>\n\n\n\n<p>Pour le partage de contenus, des plug-ins du r\u00e9seau social Facebook ou Instagram de Meta Platforms Inc. (jusqu&rsquo;en octobre 2021 Facebook Inc.) sont int\u00e9gr\u00e9s sur le site. Les plug-ins sont identifi\u00e9s par le logo LinkedIn bien connu et permettent le partage direct de contenus via notre site web.<\/p>\n\n\n\n<p>Lorsque vous consultez une page de notre site web qui contient un tel plug-in, votre navigateur \u00e9tablit une connexion directe avec les serveurs de Facebook. Le contenu du plug-in est transmis directement par Facebook \u00e0 votre navigateur et int\u00e9gr\u00e9 dans la page.<\/p>\n\n\n\n<p>Gr\u00e2ce \u00e0 cette int\u00e9gration, Facebook re\u00e7oit l&rsquo;information que votre navigateur a consult\u00e9 la page correspondante de notre site web, m\u00eame si vous ne poss\u00e9dez pas de profil Facebook ou si vous n&rsquo;\u00eates pas connect\u00e9 \u00e0 Facebook \u00e0 ce moment-l\u00e0. Cette information (y compris votre adresse IP) est transmise directement par votre navigateur \u00e0 un serveur de Facebook aux \u00c9tats-Unis et y est enregistr\u00e9e.<\/p>\n\n\n\n<p>Si vous \u00eates connect\u00e9 \u00e0 Facebook, Facebook peut directement attribuer la visite de notre site web \u00e0 votre profil Facebook. Si vous interagissez avec les plug-ins, par exemple en cliquant sur le bouton \u00ab\u00a0J&rsquo;aime\u00a0\u00bb, cette information est \u00e9galement transmise directement \u00e0 un serveur de Facebook et y est enregistr\u00e9e. Les informations sont en outre publi\u00e9es sur votre profil Facebook et affich\u00e9es \u00e0 vos amis Facebook.<\/p>\n\n\n\n<p>Vous trouverez la d\u00e9claration de confidentialit\u00e9 de Facebook Inc. ici : https:\/\/www.facebook.com\/privacy\/policy<\/p>\n\n\n\n<h2 class=\"wp-block-heading\">LINKEDIN<\/h2>\n\n\n\n<p>Pour le partage de contenus, des plug-ins du r\u00e9seau de m\u00e9dias sociaux LinkedIn, de la soci\u00e9t\u00e9 LinkedIn Corporation, 2029 Stierlin Court, Mountain View, CA 94043, USA, sont int\u00e9gr\u00e9s sur le site web. Les plug-ins sont identifi\u00e9s par le logo LinkedIn bien connu et permettent le partage direct de contenus via notre site web.<\/p>\n\n\n\n<p>L&rsquo;int\u00e9gration de tels plug-ins permet d&rsquo;envoyer des donn\u00e9es \u00e0 LinkedIn, de les enregistrer et de les y traiter.<\/p>\n\n\n\n<p>Vous trouverez la d\u00e9claration de confidentialit\u00e9 de LinkedIn ici : https:\/\/de.linkedin.com\/legal\/privacy-policy<\/p>\n\n\n\n<h2 class=\"wp-block-heading\">DROITS<\/h2>\n\n\n\n<p>Vous disposez en principe des droits d&rsquo;information, de rectification, d&rsquo;effacement, de limitation, de portabilit\u00e9 des donn\u00e9es, de r\u00e9vocation et d&rsquo;opposition. Si vous pensez que le traitement de vos donn\u00e9es enfreint la l\u00e9gislation sur la protection des donn\u00e9es ou que vos droits en mati\u00e8re de protection des donn\u00e9es ont \u00e9t\u00e9 viol\u00e9s d&rsquo;une autre mani\u00e8re, vous pouvez d\u00e9poser une plainte aupr\u00e8s de l&rsquo;autorit\u00e9 de surveillance.<\/p>\n\n\n\n<p>Vous pouvez nous contacter aux coordonn\u00e9es suivantes :<\/p>\n\n\n\n<p><a><\/a>Power-to-X DAYS<br><a href=\"mailto:hello@dev.power-to-x-days-gutenberg.berta-bewegt.ch\">hello@dev.power-to-x-days-gutenberg.berta-bewegt.ch<\/a><\/p>\n\n\n\n<h2 class=\"wp-block-heading\">MODIFICATIONS<\/h2>\n\n\n\n<p>Nous pouvons adapter cette d\u00e9claration de protection des donn\u00e9es \u00e0 tout moment et sans pr\u00e9avis. La version actuelle publi\u00e9e sur notre site web fait foi.<\/p>\n\n\n\n<h2 class=\"wp-block-heading\">QUESTIONS ?<\/h2>\n\n\n\n<p>Si vous avez des questions sur la protection des donn\u00e9es, veuillez nous envoyer un e-mail \u00e0 <a href=\"mailto:hello@dev.power-to-x-days-gutenberg.berta-bewegt.ch\">hello@dev.power-to-x-days-gutenberg.berta-bewegt.ch<\/a><\/p>\n\n\n\n<p>Zurich, le 20.03.2024<\/p>\n\n    <div class=\"xs_social_share_widget xs_share_url after_content \t\tmain_content  wslu-style-1 wslu-share-box-shaped wslu-fill-colored wslu-none wslu-share-horizontal wslu-theme-font-no wslu-main_content\">\n\n\t\t\n        <ul>\n\t\t\t        <\/ul>\n    <\/div> \n","protected":false},"excerpt":{"rendered":"<p>NOM ET ADRESSE DU D\u00c9L\u00c9GU\u00c9 \u00c0 LA PROTECTION DES DONN\u00c9ES Le responsable au sens du r\u00e8glement g\u00e9n\u00e9ral sur la protection des donn\u00e9es et d&rsquo;autres lois nationales sur la protection des donn\u00e9es des \u00c9tats membres ainsi que d&rsquo;autres dispositions relatives \u00e0 la protection des donn\u00e9es est la : Power-to-X DAYSc\/o SwissmemPfingstweidstrasse 102Postfach8037 Zurichhello@dev.power-to-x-days-gutenberg.berta-bewegt.ch COLLECTE, TRAITEMENT ET [&hellip;]<\/p>\n","protected":false},"author":5,"featured_media":0,"parent":0,"menu_order":0,"comment_status":"closed","ping_status":"closed","template":"container-template.php","meta":{"_acf_changed":false,"inline_featured_image":false,"footnotes":""},"class_list":["post-10577","page","type-page","status-publish","hentry"],"acf":[],"yoast_head":"<!-- This site is optimized with the Yoast SEO plugin v27.2 - https:\/\/yoast.com\/product\/yoast-seo-wordpress\/ -->\n<title>D\u00e9claration de confidentialit\u00e9 - Power-to-X DAYS<\/title>\n<meta name=\"robots\" content=\"index, follow, max-snippet:-1, max-image-preview:large, max-video-preview:-1\" \/>\n<link rel=\"canonical\" href=\"https:\/\/dev.power-to-x-days-gutenberg.berta-bewegt.ch\/fr\/declaration-de-confidentialite\/\" \/>\n<meta property=\"og:locale\" content=\"fr_FR\" \/>\n<meta property=\"og:type\" content=\"article\" \/>\n<meta property=\"og:title\" content=\"D\u00e9claration de confidentialit\u00e9 - Power-to-X DAYS\" \/>\n<meta property=\"og:description\" content=\"NOM ET ADRESSE DU D\u00c9L\u00c9GU\u00c9 \u00c0 LA PROTECTION DES DONN\u00c9ES Le responsable au sens du r\u00e8glement g\u00e9n\u00e9ral sur la protection des donn\u00e9es et d&rsquo;autres lois nationales sur la protection des donn\u00e9es des \u00c9tats membres ainsi que d&rsquo;autres dispositions relatives \u00e0 la protection des donn\u00e9es est la : Power-to-X DAYSc\/o SwissmemPfingstweidstrasse 102Postfach8037 Zurichhello@dev.power-to-x-days-gutenberg.berta-bewegt.ch COLLECTE, TRAITEMENT ET [&hellip;]\" \/>\n<meta property=\"og:url\" content=\"https:\/\/dev.power-to-x-days-gutenberg.berta-bewegt.ch\/fr\/declaration-de-confidentialite\/\" \/>\n<meta property=\"og:site_name\" content=\"Power-to-X DAYS\" \/>\n<meta property=\"article:modified_time\" content=\"2025-09-08T06:54:00+00:00\" \/>\n<meta property=\"og:image\" content=\"https:\/\/dev.power-to-x-days-gutenberg.berta-bewegt.ch\/wp-content\/uploads\/2020\/01\/p2xlogopng.png\" \/>\n\t<meta property=\"og:image:width\" content=\"1192\" \/>\n\t<meta property=\"og:image:height\" content=\"337\" \/>\n\t<meta property=\"og:image:type\" content=\"image\/png\" \/>\n<meta name=\"twitter:card\" content=\"summary_large_image\" \/>\n<meta name=\"twitter:label1\" content=\"Dur\u00e9e de lecture estim\u00e9e\" \/>\n\t<meta name=\"twitter:data1\" content=\"8 minutes\" \/>\n<script type=\"application\/ld+json\" class=\"yoast-schema-graph\">{\"@context\":\"https:\/\/schema.org\",\"@graph\":[{\"@type\":\"WebPage\",\"@id\":\"https:\/\/dev.power-to-x-days-gutenberg.berta-bewegt.ch\/fr\/declaration-de-confidentialite\/\",\"url\":\"https:\/\/dev.power-to-x-days-gutenberg.berta-bewegt.ch\/fr\/declaration-de-confidentialite\/\",\"name\":\"D\u00e9claration de confidentialit\u00e9 - Power-to-X DAYS\",\"isPartOf\":{\"@id\":\"https:\/\/dev.power-to-x-days-gutenberg.berta-bewegt.ch\/#website\"},\"datePublished\":\"2024-05-07T07:52:03+00:00\",\"dateModified\":\"2025-09-08T06:54:00+00:00\",\"breadcrumb\":{\"@id\":\"https:\/\/dev.power-to-x-days-gutenberg.berta-bewegt.ch\/fr\/declaration-de-confidentialite\/#breadcrumb\"},\"inLanguage\":\"fr-FR\",\"potentialAction\":[{\"@type\":\"ReadAction\",\"target\":[\"https:\/\/dev.power-to-x-days-gutenberg.berta-bewegt.ch\/fr\/declaration-de-confidentialite\/\"]}]},{\"@type\":\"BreadcrumbList\",\"@id\":\"https:\/\/dev.power-to-x-days-gutenberg.berta-bewegt.ch\/fr\/declaration-de-confidentialite\/#breadcrumb\",\"itemListElement\":[{\"@type\":\"ListItem\",\"position\":1,\"name\":\"Startseite\",\"item\":\"https:\/\/dev.power-to-x-days-gutenberg.berta-bewegt.ch\/fr\/\"},{\"@type\":\"ListItem\",\"position\":2,\"name\":\"D\u00e9claration de confidentialit\u00e9\"}]},{\"@type\":\"WebSite\",\"@id\":\"https:\/\/dev.power-to-x-days-gutenberg.berta-bewegt.ch\/#website\",\"url\":\"https:\/\/dev.power-to-x-days-gutenberg.berta-bewegt.ch\/\",\"name\":\"Power-to-X DAYS\",\"description\":\"Energie f\u00fcr gute L\u00f6sungen\",\"publisher\":{\"@id\":\"https:\/\/dev.power-to-x-days-gutenberg.berta-bewegt.ch\/#organization\"},\"potentialAction\":[{\"@type\":\"SearchAction\",\"target\":{\"@type\":\"EntryPoint\",\"urlTemplate\":\"https:\/\/dev.power-to-x-days-gutenberg.berta-bewegt.ch\/?s={search_term_string}\"},\"query-input\":{\"@type\":\"PropertyValueSpecification\",\"valueRequired\":true,\"valueName\":\"search_term_string\"}}],\"inLanguage\":\"fr-FR\"},{\"@type\":\"Organization\",\"@id\":\"https:\/\/dev.power-to-x-days-gutenberg.berta-bewegt.ch\/#organization\",\"name\":\"Power-to-X DAYS\",\"url\":\"https:\/\/dev.power-to-x-days-gutenberg.berta-bewegt.ch\/\",\"logo\":{\"@type\":\"ImageObject\",\"inLanguage\":\"fr-FR\",\"@id\":\"https:\/\/dev.power-to-x-days-gutenberg.berta-bewegt.ch\/#\/schema\/logo\/image\/\",\"url\":\"https:\/\/dev.power-to-x-days-gutenberg.berta-bewegt.ch\/wp-content\/uploads\/2020\/01\/p2xlogopng.png\",\"contentUrl\":\"https:\/\/dev.power-to-x-days-gutenberg.berta-bewegt.ch\/wp-content\/uploads\/2020\/01\/p2xlogopng.png\",\"width\":1192,\"height\":337,\"caption\":\"Power-to-X DAYS\"},\"image\":{\"@id\":\"https:\/\/dev.power-to-x-days-gutenberg.berta-bewegt.ch\/#\/schema\/logo\/image\/\"},\"sameAs\":[\"https:\/\/www.linkedin.com\/company\/102862334\",\"https:\/\/www.instagram.com\/power_to_x_days\"]}]}<\/script>\n<!-- \/ Yoast SEO plugin. -->","yoast_head_json":{"title":"D\u00e9claration de confidentialit\u00e9 - Power-to-X DAYS","robots":{"index":"index","follow":"follow","max-snippet":"max-snippet:-1","max-image-preview":"max-image-preview:large","max-video-preview":"max-video-preview:-1"},"canonical":"https:\/\/dev.power-to-x-days-gutenberg.berta-bewegt.ch\/fr\/declaration-de-confidentialite\/","og_locale":"fr_FR","og_type":"article","og_title":"D\u00e9claration de confidentialit\u00e9 - Power-to-X DAYS","og_description":"NOM ET ADRESSE DU D\u00c9L\u00c9GU\u00c9 \u00c0 LA PROTECTION DES DONN\u00c9ES Le responsable au sens du r\u00e8glement g\u00e9n\u00e9ral sur la protection des donn\u00e9es et d&rsquo;autres lois nationales sur la protection des donn\u00e9es des \u00c9tats membres ainsi que d&rsquo;autres dispositions relatives \u00e0 la protection des donn\u00e9es est la : Power-to-X DAYSc\/o SwissmemPfingstweidstrasse 102Postfach8037 Zurichhello@dev.power-to-x-days-gutenberg.berta-bewegt.ch COLLECTE, TRAITEMENT ET [&hellip;]","og_url":"https:\/\/dev.power-to-x-days-gutenberg.berta-bewegt.ch\/fr\/declaration-de-confidentialite\/","og_site_name":"Power-to-X DAYS","article_modified_time":"2025-09-08T06:54:00+00:00","og_image":[{"width":1192,"height":337,"url":"https:\/\/dev.power-to-x-days-gutenberg.berta-bewegt.ch\/wp-content\/uploads\/2020\/01\/p2xlogopng.png","type":"image\/png"}],"twitter_card":"summary_large_image","twitter_misc":{"Dur\u00e9e de lecture estim\u00e9e":"8 minutes"},"schema":{"@context":"https:\/\/schema.org","@graph":[{"@type":"WebPage","@id":"https:\/\/dev.power-to-x-days-gutenberg.berta-bewegt.ch\/fr\/declaration-de-confidentialite\/","url":"https:\/\/dev.power-to-x-days-gutenberg.berta-bewegt.ch\/fr\/declaration-de-confidentialite\/","name":"D\u00e9claration de confidentialit\u00e9 - Power-to-X DAYS","isPartOf":{"@id":"https:\/\/dev.power-to-x-days-gutenberg.berta-bewegt.ch\/#website"},"datePublished":"2024-05-07T07:52:03+00:00","dateModified":"2025-09-08T06:54:00+00:00","breadcrumb":{"@id":"https:\/\/dev.power-to-x-days-gutenberg.berta-bewegt.ch\/fr\/declaration-de-confidentialite\/#breadcrumb"},"inLanguage":"fr-FR","potentialAction":[{"@type":"ReadAction","target":["https:\/\/dev.power-to-x-days-gutenberg.berta-bewegt.ch\/fr\/declaration-de-confidentialite\/"]}]},{"@type":"BreadcrumbList","@id":"https:\/\/dev.power-to-x-days-gutenberg.berta-bewegt.ch\/fr\/declaration-de-confidentialite\/#breadcrumb","itemListElement":[{"@type":"ListItem","position":1,"name":"Startseite","item":"https:\/\/dev.power-to-x-days-gutenberg.berta-bewegt.ch\/fr\/"},{"@type":"ListItem","position":2,"name":"D\u00e9claration de confidentialit\u00e9"}]},{"@type":"WebSite","@id":"https:\/\/dev.power-to-x-days-gutenberg.berta-bewegt.ch\/#website","url":"https:\/\/dev.power-to-x-days-gutenberg.berta-bewegt.ch\/","name":"Power-to-X DAYS","description":"Energie f\u00fcr gute L\u00f6sungen","publisher":{"@id":"https:\/\/dev.power-to-x-days-gutenberg.berta-bewegt.ch\/#organization"},"potentialAction":[{"@type":"SearchAction","target":{"@type":"EntryPoint","urlTemplate":"https:\/\/dev.power-to-x-days-gutenberg.berta-bewegt.ch\/?s={search_term_string}"},"query-input":{"@type":"PropertyValueSpecification","valueRequired":true,"valueName":"search_term_string"}}],"inLanguage":"fr-FR"},{"@type":"Organization","@id":"https:\/\/dev.power-to-x-days-gutenberg.berta-bewegt.ch\/#organization","name":"Power-to-X DAYS","url":"https:\/\/dev.power-to-x-days-gutenberg.berta-bewegt.ch\/","logo":{"@type":"ImageObject","inLanguage":"fr-FR","@id":"https:\/\/dev.power-to-x-days-gutenberg.berta-bewegt.ch\/#\/schema\/logo\/image\/","url":"https:\/\/dev.power-to-x-days-gutenberg.berta-bewegt.ch\/wp-content\/uploads\/2020\/01\/p2xlogopng.png","contentUrl":"https:\/\/dev.power-to-x-days-gutenberg.berta-bewegt.ch\/wp-content\/uploads\/2020\/01\/p2xlogopng.png","width":1192,"height":337,"caption":"Power-to-X DAYS"},"image":{"@id":"https:\/\/dev.power-to-x-days-gutenberg.berta-bewegt.ch\/#\/schema\/logo\/image\/"},"sameAs":["https:\/\/www.linkedin.com\/company\/102862334","https:\/\/www.instagram.com\/power_to_x_days"]}]}},"_links":{"self":[{"href":"https:\/\/dev.power-to-x-days-gutenberg.berta-bewegt.ch\/fr\/wp-json\/wp\/v2\/pages\/10577","targetHints":{"allow":["GET"]}}],"collection":[{"href":"https:\/\/dev.power-to-x-days-gutenberg.berta-bewegt.ch\/fr\/wp-json\/wp\/v2\/pages"}],"about":[{"href":"https:\/\/dev.power-to-x-days-gutenberg.berta-bewegt.ch\/fr\/wp-json\/wp\/v2\/types\/page"}],"author":[{"embeddable":true,"href":"https:\/\/dev.power-to-x-days-gutenberg.berta-bewegt.ch\/fr\/wp-json\/wp\/v2\/users\/5"}],"replies":[{"embeddable":true,"href":"https:\/\/dev.power-to-x-days-gutenberg.berta-bewegt.ch\/fr\/wp-json\/wp\/v2\/comments?post=10577"}],"version-history":[{"count":1,"href":"https:\/\/dev.power-to-x-days-gutenberg.berta-bewegt.ch\/fr\/wp-json\/wp\/v2\/pages\/10577\/revisions"}],"predecessor-version":[{"id":12903,"href":"https:\/\/dev.power-to-x-days-gutenberg.berta-bewegt.ch\/fr\/wp-json\/wp\/v2\/pages\/10577\/revisions\/12903"}],"wp:attachment":[{"href":"https:\/\/dev.power-to-x-days-gutenberg.berta-bewegt.ch\/fr\/wp-json\/wp\/v2\/media?parent=10577"}],"curies":[{"name":"wp","href":"https:\/\/api.w.org\/{rel}","templated":true}]}}